{"id":3963,"date":"2019-01-31T15:15:52","date_gmt":"2019-01-31T15:15:52","guid":{"rendered":"http:\/\/digeshult.se\/valpar\/?page_id=3963"},"modified":"2026-05-12T16:59:41","modified_gmt":"2026-05-12T16:59:41","slug":"om-oss","status":"publish","type":"page","link":"https:\/\/digeshult.se\/valpar\/?page_id=3963","title":{"rendered":"Om oss"},"content":{"rendered":"\n<div class=\"wp-block-media-text alignwide is-stacked-on-mobile\" style=\"grid-template-columns:28% auto\"><figure class=\"wp-block-media-text__media\"><img loading=\"lazy\" decoding=\"async\" width=\"281\" height=\"500\" src=\"http:\/\/digeshult.se\/valpar\/wp-content\/uploads\/2019\/01\/HannyHemma-281x500-281x500.jpg\" alt=\"\" class=\"wp-image-4578 size-full\"\/><\/figure><div class=\"wp-block-media-text__content\">\n<p class=\"has-small-font-size\"><br><br>Familjen best\u00e5r av mig, Pernilla\u2026som \u00e4r kennelmamma och Elin som \u00e4r lilla kennelmamman. Elin och Hannes k\u00f6r g\u00e4rna agility eller apportering och det \u00e4lskar de. Att se en hund jobba och verkligen vara lycklig i vartenda p\u00e4lsstr\u00e5 \u00e4r h\u00e4ftigt att se.<br>Jonna har precis f\u00e5tt sin f\u00f6rsta hund, Kremla och ska tillsammans med Hannes och Kantarell g\u00e5 valpkurs&#8230;sen f\u00e5r vi se vart det grenar ut.<br><br><\/p>\n<\/div><\/div>\n\n\n<div class=\"wp-block-image\">\n<figure class=\"alignright size-large is-resized\"><img loading=\"lazy\" decoding=\"async\" width=\"375\" height=\"500\" src=\"http:\/\/digeshult.se\/valpar\/wp-content\/uploads\/2023\/03\/photo_6019531557838109215_y-375x500.jpg\" alt=\"\" class=\"wp-image-6695\" style=\"width:216px;height:288px\" srcset=\"https:\/\/digeshult.se\/valpar\/wp-content\/uploads\/2023\/03\/photo_6019531557838109215_y-375x500.jpg 375w, https:\/\/digeshult.se\/valpar\/wp-content\/uploads\/2023\/03\/photo_6019531557838109215_y-250x333.jpg 250w, https:\/\/digeshult.se\/valpar\/wp-content\/uploads\/2023\/03\/photo_6019531557838109215_y-150x200.jpg 150w, https:\/\/digeshult.se\/valpar\/wp-content\/uploads\/2023\/03\/photo_6019531557838109215_y-768x1024.jpg 768w, https:\/\/digeshult.se\/valpar\/wp-content\/uploads\/2023\/03\/photo_6019531557838109215_y.jpg 960w\" sizes=\"auto, (max-width: 375px) 100vw, 375px\" \/><\/figure>\n<\/div>\n\n\n<p class=\"has-small-font-size\">Ni hittar oss utanf\u00f6r Hyltebruk<\/p>\n\n\n\n<p class=\"has-small-font-size\">Vi bor mer eller mindre i skogen, s\u00e5 vi har n\u00e4ra till fina grusv\u00e4gar att traska runt p\u00e5 och 400 meter till n\u00e4rmaste sj\u00f6, d\u00e4r alla hundarna \u00e4lskar att bada och skog ett stenkast fr\u00e5n huset.<br>De har tillg\u00e5ng till 2 stora hundg\u00e5rdar och g\u00e5r ut och in i huset som de sj\u00e4lva vill.<\/p>\n\n\n\n<p class=\"has-small-font-size\">Det viktigaste f\u00f6r mig \u00e4r att hundarna har bra mentalitet, \u00e4r friska och sunda. De funkar p\u00e5 agility, sp\u00e5r, apportering och lydnad men framf\u00f6r allt \u00e4r de och ska vara familjemedlemmar! Inget \u00e4r viktigare \u00e4n att man trivs bra med sin livskamrat och att \u00e4ven han\/hon k\u00e4nner detta!<br><br>Jag skaffade min f\u00f6rsta hund n\u00e4r jag var 19, en ljus Golden vid namn Poppie\u2026.den klokaste, finaste hund man kan t\u00e4nka sig och n\u00e4r hon vandrade vidare k\u00e4nde jag en stor sorg att jag inte tagit valpar p\u00e5 henne s\u00e5 man haft en del av henne kvar. N\u00e4r jag 2004 k\u00f6pte Tuffan, \u00e4nnu en klok underbar Golden\u2026kom jag ih\u00e5g vad jag lovade mig sj\u00e4lv..\u00e5 d\u00e4r startade allting. Nu har vi haft ett g\u00e4ng kullar och har nog v\u00e4rldens b\u00e4sta k\u00f6pare. <br>Under sommarm\u00e5naden bjuder vi in till &#8220;valptr\u00e4ff&#8221;, s\u00e5 det \u00e4r en blandad kompott som kommer, allt fr\u00e5n de \u00e4ldre till sm\u00e5 valpar. J\u00e4tte kul att f\u00e5 tr\u00e4ffa alla igen och inte minst lika viktigt att f\u00f6lja upp vad man avlat fram. \u00c4n s\u00e5 l\u00e4nge \u00e4r jag mer \u00e4n n\u00f6jd.<br><br>\u00c4r du ocks\u00e5 sugen p\u00e5 en livskamrat att mysa och jobba med, s\u00e5 finns vi h\u00e4r!<br>pernilla.nybergarna@gmail.com<\/p>\n","protected":false},"excerpt":{"rendered":"<p>Familjen best\u00e5r av mig, Pernilla\u2026som \u00e4r kennelmamma och Elin som \u00e4r lilla kennelmamman. Elin och Hannes k\u00f6r g\u00e4rna agility eller apportering och det \u00e4lskar de. Att se en hund jobba och verkligen vara lycklig i vartenda p\u00e4lsstr\u00e5 \u00e4r h\u00e4ftigt att &hellip; <a href=\"https:\/\/digeshult.se\/valpar\/?page_id=3963\">Continue reading <span class=\"meta-nav\">&rarr;<\/span><\/a><\/p>\n","protected":false},"author":1,"featured_media":0,"parent":0,"menu_order":0,"comment_status":"closed","ping_status":"closed","template":"","meta":{"footnotes":""},"class_list":["post-3963","page","type-page","status-publish","hentry"],"_links":{"self":[{"href":"https:\/\/digeshult.se\/valpar\/index.php?rest_route=\/wp\/v2\/pages\/3963","targetHints":{"allow":["GET"]}}],"collection":[{"href":"https:\/\/digeshult.se\/valpar\/index.php?rest_route=\/wp\/v2\/pages"}],"about":[{"href":"https:\/\/digeshult.se\/valpar\/index.php?rest_route=\/wp\/v2\/types\/page"}],"author":[{"embeddable":true,"href":"https:\/\/digeshult.se\/valpar\/index.php?rest_route=\/wp\/v2\/users\/1"}],"replies":[{"embeddable":true,"href":"https:\/\/digeshult.se\/valpar\/index.php?rest_route=%2Fwp%2Fv2%2Fcomments&post=3963"}],"version-history":[{"count":13,"href":"https:\/\/digeshult.se\/valpar\/index.php?rest_route=\/wp\/v2\/pages\/3963\/revisions"}],"predecessor-version":[{"id":8214,"href":"https:\/\/digeshult.se\/valpar\/index.php?rest_route=\/wp\/v2\/pages\/3963\/revisions\/8214"}],"wp:attachment":[{"href":"https:\/\/digeshult.se\/valpar\/index.php?rest_route=%2Fwp%2Fv2%2Fmedia&parent=3963"}],"curies":[{"name":"wp","href":"https:\/\/api.w.org\/{rel}","templated":true}]}}